{"id":19,"date":"2018-07-09T14:03:47","date_gmt":"2018-07-09T14:03:47","guid":{"rendered":"http:\/\/agropalmafuerte.com.ar\/?page_id=19"},"modified":"2026-04-30T21:24:57","modified_gmt":"2026-04-30T21:24:57","slug":"laboratorios","status":"publish","type":"page","link":"https:\/\/agropalmafuerte.com.ar\/?page_id=19","title":{"rendered":"Laboratorios"},"content":{"rendered":"<p>[et_pb_section fb_built=&#8221;1&#8243; admin_label=&#8221;section&#8221; _builder_version=&#8221;3.22&#8243; global_colors_info=&#8221;{}&#8221;][et_pb_row column_structure=&#8221;1_2,1_4,1_4&#8243; admin_label=&#8221;row&#8221; _builder_version=&#8221;3.25&#8243; background_size=&#8221;initial&#8221; background_position=&#8221;top_left&#8221; background_repeat=&#8221;repeat&#8221; global_colors_info=&#8221;{}&#8221;][et_pb_column type=&#8221;1_2&#8243; _builder_version=&#8221;3.25&#8243; custom_padding=&#8221;|||&#8221; global_colors_info=&#8221;{}&#8221; custom_padding__hover=&#8221;|||&#8221;][et_pb_image src=&#8221;https:\/\/agropalmafuerte.com.ar\/wp-content\/uploads\/2018\/07\/laboratorio.png&#8221; title_text=&#8221;laboratorio&#8221; align_tablet=&#8221;center&#8221; align_phone=&#8221;&#8221; align_last_edited=&#8221;on|desktop&#8221; _builder_version=&#8221;4.4.5&#8243; global_colors_info=&#8221;{}&#8221;][\/et_pb_image][et_pb_divider show_divider=&#8221;off&#8221; _builder_version=&#8221;3.2.1&#8243; height=&#8221;0px&#8221; global_colors_info=&#8221;{}&#8221;][\/et_pb_divider][et_pb_image src=&#8221;http:\/\/agropalmafuerte.com.ar\/wp-content\/uploads\/2018\/07\/laboratorio2.png&#8221; align_tablet=&#8221;center&#8221; align_phone=&#8221;&#8221; align_last_edited=&#8221;on|desktop&#8221; _builder_version=&#8221;3.23&#8243; global_colors_info=&#8221;{}&#8221;][\/et_pb_image][\/et_pb_column][et_pb_column type=&#8221;1_4&#8243; _builder_version=&#8221;3.25&#8243; custom_padding=&#8221;|||&#8221; global_colors_info=&#8221;{}&#8221; custom_padding__hover=&#8221;|||&#8221;][et_pb_text _builder_version=&#8221;4.4.5&#8243; global_colors_info=&#8221;{}&#8221;]<\/p>\n<p><a href=\"http:\/\/www.allignanihnos.com.ar\/#\/landing\/onePage\">ALFASAN<\/a><br \/><a href=\"http:\/\/www.afford.com.ar\/\">AFFORD<\/a><br \/><a href=\"https:\/\/www.laboratoriosagroinsumos.com\/\">AGROINSUMOS<\/a><br \/><a href=\"http:\/\/agropharma.net\/\">AGROPHARMA<\/a><br \/><a href=\"http:\/\/www.ale-bet.com.ar\/\">ALE- BET SRL<\/a><br \/><a href=\"http:\/\/www.alimasc.com.ar\/\">ALIMASC<\/a><br \/><a href=\"https:\/\/allemandisa.com\/\">ALLEMANDI<\/a><br \/><a href=\"http:\/\/www.arsa-srl.com.ar\/\">ARSA<\/a><br \/><a href=\"https:\/\/conosur.bayer.com\/\">BAYER<\/a><br \/><a href=\"http:\/\/www.binka.com\/\">BINKA<\/a><br \/><a href=\"http:\/\/www.biogenesisbago.com\/ar\/\">BIOGENESIS BAGO<\/a><br \/><a href=\"https:\/\/phibrosaludanimal.com\/\">BIOTAY<\/a><br \/><a href=\"https:\/\/www.sudamerica.boehringer-ingelheim.com\/\">BOEHRINGER INGELHEIM<\/a><br \/><a href=\"https:\/\/brouwer.com.ar\/\">BROUWER<\/a><br \/><a href=\"https:\/\/www.calastreme.com.ar\/\">CALASTREME<\/a><br \/><a href=\"http:\/\/www.calier.com.ar\/\">CALIER ARGENTINA<\/a><br \/><a href=\"https:\/\/camabelab.com.ar\/\">CAMABE<\/a><br \/><a href=\"https:\/\/www.ceva.com.ar\/\">CEVA SALUD ANIMAL<\/a><br \/><a href=\"https:\/\/chinfield.com\/\">CHINFIELD<\/a><br \/><a href=\"http:\/\/www.cimol.com.ar\/\">CIMOL<\/a><br \/><a href=\"https:\/\/laboratoriosnort.com\/\">DIVET<\/a><br \/><a href=\"https:\/\/elmerlab.com\/\">ELMER<\/a><br \/><a href=\"http:\/\/www.equisystems.com.ar\/es\/\">EQUI SYSTEMS<\/a><br \/><a href=\"http:\/\/www.favsrl.com.ar\/\">FAV<\/a><br \/><a href=\"https:\/\/golocan.com.ar\/\">GOLOCAN<\/a><br \/><a href=\"http:\/\/www.gepsa.com\/\">GRUPO PILAR<\/a><br \/><a href=\"http:\/\/holliday-scott.com\/AR\">HOLLIDAY SCOTH<\/a><br \/><a href=\"https:\/\/www.imvi.com.ar\/\">IMVI<\/a><br \/><a href=\"http:\/\/www.allignanihnos.com.ar\/#\/landing\/onePage\">\u200bINMUNOVET<\/a><br \/><a href=\"http:\/\/www.induvet.com.ar\/\">INDUVET<\/a><\/p>\n<p>[\/et_pb_text][\/et_pb_column][et_pb_column type=&#8221;1_4&#8243; _builder_version=&#8221;3.25&#8243; custom_padding=&#8221;|||&#8221; global_colors_info=&#8221;{}&#8221; custom_padding__hover=&#8221;|||&#8221;][et_pb_text _builder_version=&#8221;4.14.7&#8243; global_colors_info=&#8221;{}&#8221;]<\/p>\n<p><a href=\"https:\/\/invesbio.com.ar\/\">INVESBIO<\/a><br \/><a href=\"https:\/\/john-martin.com.ar\/\">JOHN MARTIN<\/a><br \/><a href=\"http:\/\/www.koniglab.com\/\">KONIG<\/a><br \/><a href=\"https:\/\/www.kualcos.com\/\">KUALCOS<\/a><br \/><a href=\"http:\/\/www.laboratoriolamar.com\/\">LAB. LAMAR<\/a><br \/><a href=\"https:\/\/www.laboratoriosjanvier.com.ar\/\">LABORATORIOS J\u00b4ANVIER<\/a><br \/><a href=\"https:\/\/labyes.com\/\">LABYES<\/a><br \/><a href=\"http:\/\/www.allignanihnos.com.ar\/#\/landing\/onePage\">\u200bLAIKA<\/a><br \/><a href=\"http:\/\/montkemt.com\/\">MONTKEMT<\/a><br \/><a href=\"https:\/\/www.msd-salud-animal.com.ar\/\">MSD<\/a><br \/><a href=\"https:\/\/argentina.mustadlatam.com\/\">MUSTAD ARGENTINA<\/a><br \/><a href=\"https:\/\/www.osspret.com.ar\/web\/index.php\">OSSPRET<\/a><br \/><a href=\"http:\/\/pagano-sa.com.ar\/\">SAN MIGUEL<\/a><br \/><a href=\"https:\/\/proagrolab.com.ar\/\">PROAGRO<\/a><br \/><a href=\"https:\/\/www.richmondlab.com\/\">RICHMOND<\/a><br \/><a href=\"http:\/\/www.allignanihnos.com.ar\/#\/landing\/onePage\">RIO DE JANEIRO<\/a><br \/><a href=\"http:\/\/www.shulet.com\/\">SHULET<\/a><br \/><a href=\"https:\/\/www.morlan.com.br\/produtos\/agropecuaria\/1553624495\">SIDERCO<\/a><br \/><a href=\"https:\/\/www.syntexar.com\/\">SYNTEX<\/a><br \/><a href=\"http:\/\/www.tecnovax.com.ar\/\">TECNOVAX<\/a><br \/><a href=\"http:\/\/www.laboratoriovetec.com.ar\/\">VETEC<\/a><br \/><a href=\"https:\/\/www.vetue.com.ar\/\">VETUE<\/a><br \/><a href=\"https:\/\/www.villanueva.com.ar\/\">VILLA NUEVA<\/a><br \/><a href=\"https:\/\/www.fatrovonfranken.com\/\">VON FRANKEN<\/a><br \/><a href=\"http:\/\/www.equisystems.com.ar\/es\/\">WINDHOEK<\/a><br \/><a href=\"https:\/\/ar.zoetis.com\/\">ZOETIS ARGENTINA<\/a><\/p>\n<p>[\/et_pb_text][\/et_pb_column][\/et_pb_row][\/et_pb_section][et_pb_section fb_built=&#8221;1&#8243; _builder_version=&#8221;4.4.5&#8243; background_color=&#8221;#000000&#8243; locked=&#8221;off&#8221; global_colors_info=&#8221;{}&#8221;][et_pb_row column_structure=&#8221;1_4,1_4,1_4,1_4&#8243; _builder_version=&#8221;4.14.7&#8243; background_color=&#8221;#000000&#8243; hover_enabled=&#8221;0&#8243; global_colors_info=&#8221;{}&#8221; sticky_enabled=&#8221;0&#8243;][et_pb_column type=&#8221;1_4&#8243; _builder_version=&#8221;4.4.5&#8243; global_colors_info=&#8221;{}&#8221;][et_pb_image src=&#8221;https:\/\/agropalmafuerte.com.ar\/wp-content\/uploads\/2020\/09\/f207045d96c258fed664305f0ac2c5bd-icono-azul-del-auricular-del-tel-fono-by-vexels-e1599685186733.png&#8221; title_text=&#8221;f207045d96c258fed664305f0ac2c5bd-icono-azul-del-auricular-del-tel&#8211;fono-by-vexels&#8221; _builder_version=&#8221;4.4.5&#8243; global_colors_info=&#8221;{}&#8221;][\/et_pb_image][et_pb_text _builder_version=&#8221;4.14.7&#8243; text_text_color=&#8221;#ffffff&#8221; hover_enabled=&#8221;0&#8243; global_colors_info=&#8221;{}&#8221; sticky_enabled=&#8221;0&#8243;]<\/p>\n<p><a href=\"https:\/\/maps.app.goo.gl\/nXgALQichV9ep1zZA\"><strong>Av. Facundo Zuvir\u00eda 4050, S3000 Santa Fe de la Vera Cruz, Santa Fe<\/strong><\/a><\/p>\n<p>[\/et_pb_text][\/et_pb_column][et_pb_column type=&#8221;1_4&#8243; _builder_version=&#8221;4.4.5&#8243; global_colors_info=&#8221;{}&#8221;][et_pb_image src=&#8221;https:\/\/agropalmafuerte.com.ar\/wp-content\/uploads\/2020\/09\/f207045d96c258fed664305f0ac2c5bd-icono-azul-del-auricular-del-tel-fono-by-vexels-e1599685186733.png&#8221; title_text=&#8221;f207045d96c258fed664305f0ac2c5bd-icono-azul-del-auricular-del-tel&#8211;fono-by-vexels&#8221; admin_label=&#8221;Image&#8221; _builder_version=&#8221;4.4.5&#8243; global_colors_info=&#8221;{}&#8221;][\/et_pb_image][et_pb_text admin_label=&#8221;Text&#8221; _builder_version=&#8221;4.14.7&#8243; text_text_color=&#8221;#ffffff&#8221; hover_enabled=&#8221;0&#8243; global_colors_info=&#8221;{}&#8221; sticky_enabled=&#8221;0&#8243;]<\/p>\n<p><strong>0343 4248818 &#8211; 0343 4242171<\/strong><\/p>\n<p><a href=\"https:\/\/maps.app.goo.gl\/jc8xnhAKr9seyMxaA\"><strong>Almafuerte 69, Paran\u00e1, Entre R\u00edos.<\/strong><\/a><\/p>\n<p>[\/et_pb_text][et_pb_text _builder_version=&#8221;4.14.7&#8243; text_text_color=&#8221;#ffffff&#8221; global_colors_info=&#8221;{}&#8221;][\/et_pb_text][\/et_pb_column][et_pb_column type=&#8221;1_4&#8243; _builder_version=&#8221;4.4.5&#8243; global_colors_info=&#8221;{}&#8221;][et_pb_image src=&#8221;https:\/\/agropalmafuerte.com.ar\/wp-content\/uploads\/2020\/09\/f207045d96c258fed664305f0ac2c5bd-icono-azul-del-auricular-del-tel-fono-by-vexels-e1599685186733.png&#8221; title_text=&#8221;f207045d96c258fed664305f0ac2c5bd-icono-azul-del-auricular-del-tel&#8211;fono-by-vexels&#8221; admin_label=&#8221;Image&#8221; _builder_version=&#8221;4.4.5&#8243; global_colors_info=&#8221;{}&#8221;][\/et_pb_image][et_pb_text _builder_version=&#8221;4.4.5&#8243; text_text_color=&#8221;#ffffff&#8221; global_colors_info=&#8221;{}&#8221;]<\/p>\n<p><strong>+54 9 3434 50-0031<\/strong><\/p>\n<p><a href=\"https:\/\/maps.app.goo.gl\/qLRSoayHmn5bxkhJA\"><strong>Virgen de Guadalupe s\/n<\/strong><\/a><br \/><a href=\"https:\/\/maps.app.goo.gl\/qLRSoayHmn5bxkhJA\"><strong> San Benito E.R<\/strong><\/a><\/p>\n<p>[\/et_pb_text][\/et_pb_column][et_pb_column type=&#8221;1_4&#8243; _builder_version=&#8221;4.4.5&#8243; global_colors_info=&#8221;{}&#8221;][et_pb_image src=&#8221;https:\/\/agropalmafuerte.com.ar\/wp-content\/uploads\/2020\/09\/f207045d96c258fed664305f0ac2c5bd-icono-azul-del-auricular-del-tel-fono-by-vexels-e1599685186733.png&#8221; title_text=&#8221;f207045d96c258fed664305f0ac2c5bd-icono-azul-del-auricular-del-tel&#8211;fono-by-vexels&#8221; admin_label=&#8221;Image&#8221; _builder_version=&#8221;4.4.5&#8243; global_colors_info=&#8221;{}&#8221;][\/et_pb_image][et_pb_text _builder_version=&#8221;4.4.5&#8243; text_text_color=&#8221;#ffffff&#8221; global_colors_info=&#8221;{}&#8221;]<\/p>\n<p><strong>03492 614212 <\/strong><\/p>\n<p><strong>Ruta 34 y acceso a Ang\u00e9lica<\/strong><\/p>\n<p><strong>Ang\u00e9lica, Santa Fe<\/strong><\/p>\n<p>[\/et_pb_text][\/et_pb_column][\/et_pb_row][\/et_pb_section]<\/p>\n","protected":false},"excerpt":{"rendered":"<p>ALFASANAFFORDAGROINSUMOSAGROPHARMAALE- BET SRLALIMASCALLEMANDIARSABAYERBINKABIOGENESIS BAGOBIOTAYBOEHRINGER INGELHEIMBROUWERCALASTREMECALIER ARGENTINACAMABECEVA SALUD ANIMALCHINFIELDCIMOLDIVETELMEREQUI SYSTEMSFAVGOLOCANGRUPO PILARHOLLIDAY SCOTHIMVI\u200bINMUNOVETINDUVETINVESBIOJOHN MARTINKONIGKUALCOSLAB. LAMARLABORATORIOS J\u00b4ANVIERLABYES\u200bLAIKAMONTKEMTMSDMUSTAD ARGENTINAOSSPRETSAN MIGUELPROAGRORICHMONDRIO DE JANEIROSHULETSIDERCOSYNTEXTECNOVAXVETECVETUEVILLA NUEVAVON FRANKENWINDHOEKZOETIS ARGENTINAAv. Facundo Zuvir\u00eda 4050, S3000 Santa Fe de la Vera Cruz, Santa Fe0343 4248818 &#8211; 0343 4242171 Almafuerte 69, Paran\u00e1, Entre R\u00edos.+54 9 3434 50-0031 Virgen de Guadalupe s\/n San Benito E.R03492 614212 Ruta 34 [&hellip;]<\/p>\n","protected":false},"author":1,"featured_media":0,"parent":0,"menu_order":0,"comment_status":"closed","ping_status":"closed","template":"","meta":{"_et_pb_use_builder":"on","_et_pb_old_content":"","_et_gb_content_width":""},"_links":{"self":[{"href":"https:\/\/agropalmafuerte.com.ar\/index.php?rest_route=\/wp\/v2\/pages\/19"}],"collection":[{"href":"https:\/\/agropalmafuerte.com.ar\/index.php?rest_route=\/wp\/v2\/pages"}],"about":[{"href":"https:\/\/agropalmafuerte.com.ar\/index.php?rest_route=\/wp\/v2\/types\/page"}],"author":[{"embeddable":true,"href":"https:\/\/agropalmafuerte.com.ar\/index.php?rest_route=\/wp\/v2\/users\/1"}],"replies":[{"embeddable":true,"href":"https:\/\/agropalmafuerte.com.ar\/index.php?rest_route=%2Fwp%2Fv2%2Fcomments&post=19"}],"version-history":[{"count":16,"href":"https:\/\/agropalmafuerte.com.ar\/index.php?rest_route=\/wp\/v2\/pages\/19\/revisions"}],"predecessor-version":[{"id":219,"href":"https:\/\/agropalmafuerte.com.ar\/index.php?rest_route=\/wp\/v2\/pages\/19\/revisions\/219"}],"wp:attachment":[{"href":"https:\/\/agropalmafuerte.com.ar\/index.php?rest_route=%2Fwp%2Fv2%2Fmedia&parent=19"}],"curies":[{"name":"wp","href":"https:\/\/api.w.org\/{rel}","templated":true}]}}