{"id":21,"date":"2018-07-09T14:04:01","date_gmt":"2018-07-09T14:04:01","guid":{"rendered":"http:\/\/agropalmafuerte.com.ar\/?page_id=21"},"modified":"2026-04-30T21:25:15","modified_gmt":"2026-04-30T21:25:15","slug":"contacto","status":"publish","type":"page","link":"https:\/\/agropalmafuerte.com.ar\/?page_id=21","title":{"rendered":"Contacto"},"content":{"rendered":"<p>[et_pb_section fb_built=&#8221;1&#8243; admin_label=&#8221;section&#8221; _builder_version=&#8221;3.22&#8243; global_colors_info=&#8221;{}&#8221;][et_pb_row column_structure=&#8221;2_3,1_3&#8243; admin_label=&#8221;row&#8221; _builder_version=&#8221;3.25&#8243; background_size=&#8221;initial&#8221; background_position=&#8221;top_left&#8221; background_repeat=&#8221;repeat&#8221; global_colors_info=&#8221;{}&#8221;][et_pb_column type=&#8221;2_3&#8243; _builder_version=&#8221;3.25&#8243; custom_padding=&#8221;|||&#8221; global_colors_info=&#8221;{}&#8221; custom_padding__hover=&#8221;|||&#8221;][et_pb_contact_form captcha=&#8221;off&#8221; email=&#8221;rosaliar@agropalmafuerte.com.ar&#8221; success_message=&#8221;Hemos recibido sus datos, en breve nos cumunicamos&#8221; submit_button_text=&#8221;Enviar&#8221; module_id=&#8221;et_pb_contact_form_0&#8243; _builder_version=&#8221;4.13.1&#8243; _unique_id=&#8221;d01155f0-d8eb-4131-a428-41ab0c785238&#8243; global_colors_info=&#8221;{}&#8221;][et_pb_contact_field field_id=&#8221;nombre&#8221; field_title=&#8221;Nombre&#8221; _builder_version=&#8221;3.16&#8243; global_colors_info=&#8221;{}&#8221; button_text_size__hover_enabled=&#8221;off&#8221; button_one_text_size__hover_enabled=&#8221;off&#8221; button_two_text_size__hover_enabled=&#8221;off&#8221; button_text_color__hover_enabled=&#8221;off&#8221; button_one_text_color__hover_enabled=&#8221;off&#8221; button_two_text_color__hover_enabled=&#8221;off&#8221; button_border_width__hover_enabled=&#8221;off&#8221; button_one_border_width__hover_enabled=&#8221;off&#8221; button_two_border_width__hover_enabled=&#8221;off&#8221; button_border_color__hover_enabled=&#8221;off&#8221; button_one_border_color__hover_enabled=&#8221;off&#8221; button_two_border_color__hover_enabled=&#8221;off&#8221; button_border_radius__hover_enabled=&#8221;off&#8221; button_one_border_radius__hover_enabled=&#8221;off&#8221; button_two_border_radius__hover_enabled=&#8221;off&#8221; button_letter_spacing__hover_enabled=&#8221;off&#8221; button_one_letter_spacing__hover_enabled=&#8221;off&#8221; button_two_letter_spacing__hover_enabled=&#8221;off&#8221; button_bg_color__hover_enabled=&#8221;off&#8221; button_one_bg_color__hover_enabled=&#8221;off&#8221; button_two_bg_color__hover_enabled=&#8221;off&#8221;][\/et_pb_contact_field][et_pb_contact_field field_id=&#8221;Email&#8221; field_title=&#8221;Email&#8221; field_type=&#8221;email&#8221; _builder_version=&#8221;3.16&#8243; global_colors_info=&#8221;{}&#8221; button_text_size__hover_enabled=&#8221;off&#8221; button_one_text_size__hover_enabled=&#8221;off&#8221; button_two_text_size__hover_enabled=&#8221;off&#8221; button_text_color__hover_enabled=&#8221;off&#8221; button_one_text_color__hover_enabled=&#8221;off&#8221; button_two_text_color__hover_enabled=&#8221;off&#8221; button_border_width__hover_enabled=&#8221;off&#8221; button_one_border_width__hover_enabled=&#8221;off&#8221; button_two_border_width__hover_enabled=&#8221;off&#8221; button_border_color__hover_enabled=&#8221;off&#8221; button_one_border_color__hover_enabled=&#8221;off&#8221; button_two_border_color__hover_enabled=&#8221;off&#8221; button_border_radius__hover_enabled=&#8221;off&#8221; button_one_border_radius__hover_enabled=&#8221;off&#8221; button_two_border_radius__hover_enabled=&#8221;off&#8221; button_letter_spacing__hover_enabled=&#8221;off&#8221; button_one_letter_spacing__hover_enabled=&#8221;off&#8221; button_two_letter_spacing__hover_enabled=&#8221;off&#8221; button_bg_color__hover_enabled=&#8221;off&#8221; button_one_bg_color__hover_enabled=&#8221;off&#8221; button_two_bg_color__hover_enabled=&#8221;off&#8221;][\/et_pb_contact_field][et_pb_contact_field field_id=&#8221;Mensaje&#8221; field_title=&#8221;Mensaje&#8221; field_type=&#8221;text&#8221; fullwidth_field=&#8221;on&#8221; _builder_version=&#8221;3.16&#8243; global_colors_info=&#8221;{}&#8221; button_text_size__hover_enabled=&#8221;off&#8221; button_one_text_size__hover_enabled=&#8221;off&#8221; button_two_text_size__hover_enabled=&#8221;off&#8221; button_text_color__hover_enabled=&#8221;off&#8221; button_one_text_color__hover_enabled=&#8221;off&#8221; button_two_text_color__hover_enabled=&#8221;off&#8221; button_border_width__hover_enabled=&#8221;off&#8221; button_one_border_width__hover_enabled=&#8221;off&#8221; button_two_border_width__hover_enabled=&#8221;off&#8221; button_border_color__hover_enabled=&#8221;off&#8221; button_one_border_color__hover_enabled=&#8221;off&#8221; button_two_border_color__hover_enabled=&#8221;off&#8221; button_border_radius__hover_enabled=&#8221;off&#8221; button_one_border_radius__hover_enabled=&#8221;off&#8221; button_two_border_radius__hover_enabled=&#8221;off&#8221; button_letter_spacing__hover_enabled=&#8221;off&#8221; button_one_letter_spacing__hover_enabled=&#8221;off&#8221; button_two_letter_spacing__hover_enabled=&#8221;off&#8221; button_bg_color__hover_enabled=&#8221;off&#8221; button_one_bg_color__hover_enabled=&#8221;off&#8221; button_two_bg_color__hover_enabled=&#8221;off&#8221;][\/et_pb_contact_field][\/et_pb_contact_form][\/et_pb_column][et_pb_column type=&#8221;1_3&#8243; _builder_version=&#8221;3.25&#8243; custom_padding=&#8221;|||&#8221; global_colors_info=&#8221;{}&#8221; custom_padding__hover=&#8221;|||&#8221;][et_pb_text _builder_version=&#8221;3.27.4&#8243; global_colors_info=&#8221;{}&#8221;]<\/p>\n<p><a href=\"mailto:info@agropalmafuerte.com.ar\">info@agropalmafuerte.com.ar<\/a><\/p>\n<p>343 4248818<\/p>\n<p>Almafuerte 69 &#8211; Paran\u00e1<br \/>Entre R\u00edos &#8211; Argentina<\/p>\n<p>[\/et_pb_text][et_pb_code global_colors_info=&#8221;{}&#8221;]<iframe loading=\"lazy\" src=\"https:\/\/www.google.com\/maps\/embed?pb=!1m18!1m12!1m3!1d3392.995020760186!2d-60.519019685056875!3d-31.743336881296425!2m3!1f0!2f0!3f0!3m2!1i1024!2i768!4f13.1!3m3!1m2!1s0x95b44d8df3582931%3A0x1e31a46b021b7196!2sAv.+Almafuerte+69%2C+E3102SLA+Paran%C3%A1%2C+Entre+R%C3%ADos!5e0!3m2!1ses-419!2sar!4v1531227096675\" width=\"300\" height=\"250\" frameborder=\"0\" style=\"border:0\" allowfullscreen><\/iframe>[\/et_pb_code][\/et_pb_column][\/et_pb_row][\/et_pb_section][et_pb_section fb_built=&#8221;1&#8243; _builder_version=&#8221;4.4.5&#8243; background_color=&#8221;#000000&#8243; locked=&#8221;off&#8221; global_colors_info=&#8221;{}&#8221;][et_pb_row column_structure=&#8221;1_4,1_4,1_4,1_4&#8243; _builder_version=&#8221;4.4.5&#8243; background_color=&#8221;#000000&#8243; global_colors_info=&#8221;{}&#8221;][et_pb_column type=&#8221;1_4&#8243; _builder_version=&#8221;4.4.5&#8243; global_colors_info=&#8221;{}&#8221;][et_pb_image src=&#8221;https:\/\/agropalmafuerte.com.ar\/wp-content\/uploads\/2020\/09\/f207045d96c258fed664305f0ac2c5bd-icono-azul-del-auricular-del-tel-fono-by-vexels-e1599685186733.png&#8221; title_text=&#8221;f207045d96c258fed664305f0ac2c5bd-icono-azul-del-auricular-del-tel&#8211;fono-by-vexels&#8221; _builder_version=&#8221;4.4.5&#8243; global_colors_info=&#8221;{}&#8221;][\/et_pb_image][et_pb_text _builder_version=&#8221;4.14.7&#8243; text_text_color=&#8221;#ffffff&#8221; hover_enabled=&#8221;0&#8243; global_colors_info=&#8221;{}&#8221; sticky_enabled=&#8221;0&#8243;]<\/p>\n<p><a href=\"https:\/\/maps.app.goo.gl\/nXgALQichV9ep1zZA\"><strong>Av. Facundo Zuvir\u00eda 4050, S3000 Santa Fe de la Vera Cruz, Santa Fe<\/strong><\/a><\/p>\n<p>[\/et_pb_text][\/et_pb_column][et_pb_column type=&#8221;1_4&#8243; _builder_version=&#8221;4.4.5&#8243; global_colors_info=&#8221;{}&#8221;][et_pb_image src=&#8221;https:\/\/agropalmafuerte.com.ar\/wp-content\/uploads\/2020\/09\/f207045d96c258fed664305f0ac2c5bd-icono-azul-del-auricular-del-tel-fono-by-vexels-e1599685186733.png&#8221; title_text=&#8221;f207045d96c258fed664305f0ac2c5bd-icono-azul-del-auricular-del-tel&#8211;fono-by-vexels&#8221; _builder_version=&#8221;4.4.5&#8243; global_colors_info=&#8221;{}&#8221;][\/et_pb_image][et_pb_text _builder_version=&#8221;4.14.7&#8243; text_text_color=&#8221;#ffffff&#8221; hover_enabled=&#8221;0&#8243; global_colors_info=&#8221;{}&#8221; sticky_enabled=&#8221;0&#8243;]<\/p>\n<p><strong>0343 4248818 &#8211; 0343 4242171<\/strong><\/p>\n<p><a href=\"https:\/\/maps.app.goo.gl\/jc8xnhAKr9seyMxaA\"><strong>Almafuerte 69, Paran\u00e1, Entre R\u00edos.<\/strong><\/a><\/p>\n<p>[\/et_pb_text][\/et_pb_column][et_pb_column type=&#8221;1_4&#8243; _builder_version=&#8221;4.4.5&#8243; global_colors_info=&#8221;{}&#8221;][et_pb_image src=&#8221;https:\/\/agropalmafuerte.com.ar\/wp-content\/uploads\/2020\/09\/f207045d96c258fed664305f0ac2c5bd-icono-azul-del-auricular-del-tel-fono-by-vexels-e1599685186733.png&#8221; title_text=&#8221;f207045d96c258fed664305f0ac2c5bd-icono-azul-del-auricular-del-tel&#8211;fono-by-vexels&#8221; _builder_version=&#8221;4.4.5&#8243; global_colors_info=&#8221;{}&#8221;][\/et_pb_image][et_pb_text _builder_version=&#8221;4.4.5&#8243; text_text_color=&#8221;#ffffff&#8221; global_colors_info=&#8221;{}&#8221; custom_padding=&#8221;||14px|||&#8221;]<\/p>\n<p><strong>+54 9 3434 50-0031<\/strong><\/p>\n<p><a href=\"https:\/\/maps.app.goo.gl\/qLRSoayHmn5bxkhJA\"><strong>Virgen de Guadalupe s\/n<\/strong><\/a><br \/><a href=\"https:\/\/maps.app.goo.gl\/qLRSoayHmn5bxkhJA\"><strong> San Benito E.R<\/strong><\/a><\/p>\n<p>[\/et_pb_text][\/et_pb_column][et_pb_column type=&#8221;1_4&#8243; _builder_version=&#8221;4.4.5&#8243; global_colors_info=&#8221;{}&#8221;][et_pb_image src=&#8221;https:\/\/agropalmafuerte.com.ar\/wp-content\/uploads\/2020\/09\/f207045d96c258fed664305f0ac2c5bd-icono-azul-del-auricular-del-tel-fono-by-vexels-e1599685186733.png&#8221; title_text=&#8221;f207045d96c258fed664305f0ac2c5bd-icono-azul-del-auricular-del-tel&#8211;fono-by-vexels&#8221; _builder_version=&#8221;4.4.5&#8243; global_colors_info=&#8221;{}&#8221;][\/et_pb_image][et_pb_text _builder_version=&#8221;4.4.5&#8243; text_text_color=&#8221;#ffffff&#8221; global_colors_info=&#8221;{}&#8221;]<\/p>\n<p><strong>03492 614212 <\/strong><\/p>\n<p><strong>Ruta 34 y acceso a Ang\u00e9lica<\/strong><\/p>\n<p><strong>Ang\u00e9lica, Santa Fe<\/strong><\/p>\n<p>[\/et_pb_text][\/et_pb_column][\/et_pb_row][\/et_pb_section]<\/p>\n","protected":false},"excerpt":{"rendered":"<p>info@agropalmafuerte.com.ar 343 4248818 Almafuerte 69 &#8211; Paran\u00e1Entre R\u00edos &#8211; ArgentinaAv. Facundo Zuvir\u00eda 4050, S3000 Santa Fe de la Vera Cruz, Santa Fe0343 4248818 &#8211; 0343 4242171 Almafuerte 69, Paran\u00e1, Entre R\u00edos.+54 9 3434 50-0031 Virgen de Guadalupe s\/n San Benito E.R03492 614212 Ruta 34 y acceso a Ang\u00e9lica Ang\u00e9lica, Santa Fe<\/p>\n","protected":false},"author":1,"featured_media":0,"parent":0,"menu_order":0,"comment_status":"closed","ping_status":"closed","template":"","meta":{"_et_pb_use_builder":"on","_et_pb_old_content":"","_et_gb_content_width":""},"_links":{"self":[{"href":"https:\/\/agropalmafuerte.com.ar\/index.php?rest_route=\/wp\/v2\/pages\/21"}],"collection":[{"href":"https:\/\/agropalmafuerte.com.ar\/index.php?rest_route=\/wp\/v2\/pages"}],"about":[{"href":"https:\/\/agropalmafuerte.com.ar\/index.php?rest_route=\/wp\/v2\/types\/page"}],"author":[{"embeddable":true,"href":"https:\/\/agropalmafuerte.com.ar\/index.php?rest_route=\/wp\/v2\/users\/1"}],"replies":[{"embeddable":true,"href":"https:\/\/agropalmafuerte.com.ar\/index.php?rest_route=%2Fwp%2Fv2%2Fcomments&post=21"}],"version-history":[{"count":11,"href":"https:\/\/agropalmafuerte.com.ar\/index.php?rest_route=\/wp\/v2\/pages\/21\/revisions"}],"predecessor-version":[{"id":222,"href":"https:\/\/agropalmafuerte.com.ar\/index.php?rest_route=\/wp\/v2\/pages\/21\/revisions\/222"}],"wp:attachment":[{"href":"https:\/\/agropalmafuerte.com.ar\/index.php?rest_route=%2Fwp%2Fv2%2Fmedia&parent=21"}],"curies":[{"name":"wp","href":"https:\/\/api.w.org\/{rel}","templated":true}]}}